{"id":927,"date":"2018-04-22T17:00:53","date_gmt":"2018-04-22T15:00:53","guid":{"rendered":"https:\/\/www.inselhotel-potsdam.de\/hotel-with-history\/"},"modified":"2022-11-23T11:48:15","modified_gmt":"2022-11-23T10:48:15","slug":"hotel-with-history","status":"publish","type":"page","link":"https:\/\/www.inselhotel-potsdam.de\/en\/hotel-with-history\/","title":{"rendered":"Hotel with history"},"content":{"rendered":"<h3>&#8230; Pomp and glory of Potsdam<\/h3>\n<p>Potsdam &#8211; the former imposing residence just outside of Berlin is today a modern state capital, university and science city, city of palaces, gardens and parks, sports and film city and more &#8230;<br \/>\nMany celebrities of the past, but also of the presence imprinted and characterize the spirit of this 1000 year old city.<br \/>\nThey include, for example, the numerous Prussian kings, Peter-Joseph Lenn\u00e9, Marlene Dietrich, Curd J\u00fcrgens, Albert Einstein, Albert Schweitzer and the TV-presenter G\u00fcnther Jauch and the entrepreneur Wolfgang Joop and Hasso Plattner (SAP).<\/p>\n<h3>&#8230; a carpet manufacturer gave the island a name<\/h3>\n<p>Clara and Hermann Hoffbauer been carpet manufacturers. Their marriage remained childless and so they had time and opportunities to make long journeys. On one of her trips to Africa they fell both very ill. Her greatest wish was fulfilled to be able to return healthy to Germany, and henceforth both turned charitable tasks. They founded the Hoffbauer Foundation.<\/p>\n<p>When the foundation was founded in 1901, it was one of the largest private charitable foundations with evangelical spirit in Germany.<\/p>\n<p>It is attributed to testamentary dispositions of the Potsdam entrepreneur Hermann Hoffbauer. After the death of Hermann Hoffbauer his widow Clara realized the thoughts of the foundation .<\/p>\n<p>On\u00a030th\u00a0of June\u00a01901, the foundation of their provision was passed for the purpose of education of orphan and half-orphan girls from middle-class homes and received the rights of an independent parish.<\/p>\n<p>Currently still a few Deaconess live on this island.<\/p>\n<p>Today, the Foundation supports educational institutions, among others the Evangelical school with a boarding school, and maintains facilities for fulfilling diaconal tasks in the areas of elderly care, disability assistance and youth welfare. It is a church foundation and a member of the Social Service Agency.<\/p>\n<p>Click on this link:\u00a0<a title=\"Hoffbauer Stiftung\" href=\"http:\/\/www.hoffbauer-stiftung.de\/\" target=\"_blank\" rel=\"noopener\"><u>www.hoffbauer-stiftung.de<\/u><\/a>, to view the website of the Hoffbauer Stiftung.<\/p>\n<p>The INSELHOTEL Potsdam with its unique location on the Havel Island named of the Potsdam manufacturers Hermann Hoffbauer was built in 1996, was extended in 2004, 2009 and 2014. The hotel is situated right on the shore of the Templin lake and offers a safe and prestigious location on 365 days for recreation seekers, meeting and conference guests and for corporate events, family celebrations.<\/p>\n<h3>\u2026since 1996 host on Potsdam&#8217;s most beautiful island<\/h3>\n<p>With the withdrawal of the Red Army from Germany one of the most beautiful parts of the Island Hermannswerder was free and is thus returned to the use of the Hoffbauer Foundation as the owner.<\/p>\n<p>Burkhard Scholz acquired for the current INSELHOTEL plot a ground lease from the Hoffbauer Foundation and realized his dream of a 4-star hotel right on the shore of Lake Templin.<br \/>\nThe foundation stone was laid on 3rd of March 1995, followed by the topping on 21st of July 1995 and the inauguration of the INSELHOTEL Potsdam on 10th of May 1996 to. Since then here welcomes guests from all parts of Germany and the world, highlighting again the comfort of the hotel, the monuments and natural beauties of Potsdam.<\/p>\n<p>In summer 2004, an extension of\u00a0INSELHOTEL\u00a0Potsdam with the meeting and banquet center \u201cBellevue\u201d, was opened, creating even better and new possibilities for your meetings or celebrations.<\/p>\n<p>In the so-called &#8220;crisis year&#8221; 2009 enter the extension of the exclusive Seerestaurant with a large fireplace and a covered lakeside terrace as well the creation of the separate room Seerosenzimmer were realized.<\/p>\n<p>The construction of the\u00a0hotel-own marina\u00a0could also be completed directly on the Hinterkappe of Lake Templin.<\/p>\n<p>The newest addition is the\u00a0Spa- &amp; Wellnesscentre \u201eAquamarin\u201c, which opened in late summer, 2014.<br \/>\nThis new\u00a0 Spa- &amp; Wellness centre invites you to a relaxing stay with heated outdoor and indoor pool, a great fitness area with view on the Lake Templin, the sauna area with the swimming lake sauna, steam sauna and Finnish sauna, Ice fountain, warm seating bench, chimney lounge with wellness bar and sole chambre as well as the relaxing room Belvedere, nightingale relax room and in the summer in our outdoor area with our sun decks.<\/p>\n","protected":false},"excerpt":{"rendered":"<p>&#8230; Pomp and glory of Potsdam Potsdam &#8211; the former imposing residence just outside of Berlin is today a modern state capital, university and science city, city of palaces, gardens and parks, sports and film city and more &#8230; Many&#8230;<\/p>\n","protected":false},"author":3,"featured_media":0,"parent":0,"menu_order":150,"comment_status":"closed","ping_status":"closed","template":"","meta":{"_acf_changed":false,"footnotes":""},"class_list":["post-927","page","type-page","status-publish","hentry"],"acf":[],"yoast_head":"<!-- This site is optimized with the Yoast SEO plugin v25.5 - https:\/\/yoast.com\/wordpress\/plugins\/seo\/ -->\n<title>Hotel with history - INSELHOTEL Potsdam<\/title>\n<meta name=\"robots\" content=\"index, follow, max-snippet:-1, max-image-preview:large, max-video-preview:-1\" \/>\n<link rel=\"canonical\" href=\"https:\/\/www.inselhotel-potsdam.de\/en\/hotel-with-history\/\" \/>\n<meta property=\"og:locale\" content=\"en_US\" \/>\n<meta property=\"og:type\" content=\"article\" \/>\n<meta property=\"og:title\" content=\"Hotel with history - INSELHOTEL Potsdam\" \/>\n<meta property=\"og:description\" content=\"&#8230; Pomp and glory of Potsdam Potsdam &#8211; the former imposing residence just outside of Berlin is today a modern state capital, university and science city, city of palaces, gardens and parks, sports and film city and more &#8230; Many...\" \/>\n<meta property=\"og:url\" content=\"https:\/\/www.inselhotel-potsdam.de\/en\/hotel-with-history\/\" \/>\n<meta property=\"og:site_name\" content=\"INSELHOTEL Potsdam\" \/>\n<meta property=\"article:publisher\" content=\"https:\/\/www.facebook.com\/INSELHOTEL\" \/>\n<meta property=\"article:modified_time\" content=\"2022-11-23T10:48:15+00:00\" \/>\n<meta name=\"twitter:card\" content=\"summary_large_image\" \/>\n<meta name=\"twitter:site\" content=\"@inselhotel_pots\" \/>\n<meta name=\"twitter:label1\" content=\"Est. reading time\" \/>\n\t<meta name=\"twitter:data1\" content=\"4 minutes\" \/>\n<!-- \/ Yoast SEO plugin. -->","yoast_head_json":{"title":"Hotel with history - INSELHOTEL Potsdam","robots":{"index":"index","follow":"follow","max-snippet":"max-snippet:-1","max-image-preview":"max-image-preview:large","max-video-preview":"max-video-preview:-1"},"canonical":"https:\/\/www.inselhotel-potsdam.de\/en\/hotel-with-history\/","og_locale":"en_US","og_type":"article","og_title":"Hotel with history - INSELHOTEL Potsdam","og_description":"&#8230; Pomp and glory of Potsdam Potsdam &#8211; the former imposing residence just outside of Berlin is today a modern state capital, university and science city, city of palaces, gardens and parks, sports and film city and more &#8230; Many...","og_url":"https:\/\/www.inselhotel-potsdam.de\/en\/hotel-with-history\/","og_site_name":"INSELHOTEL Potsdam","article_publisher":"https:\/\/www.facebook.com\/INSELHOTEL","article_modified_time":"2022-11-23T10:48:15+00:00","twitter_card":"summary_large_image","twitter_site":"@inselhotel_pots","twitter_misc":{"Est. reading time":"4 minutes"},"schema":{"@context":"https:\/\/schema.org","@graph":[{"@type":"WebPage","@id":"https:\/\/www.inselhotel-potsdam.de\/en\/hotel-with-history\/","url":"https:\/\/www.inselhotel-potsdam.de\/en\/hotel-with-history\/","name":"Hotel with history - INSELHOTEL Potsdam","isPartOf":{"@id":"https:\/\/www.inselhotel-potsdam.de\/#website"},"datePublished":"2018-04-22T15:00:53+00:00","dateModified":"2022-11-23T10:48:15+00:00","breadcrumb":{"@id":"https:\/\/www.inselhotel-potsdam.de\/en\/hotel-with-history\/#breadcrumb"},"inLanguage":"en-US","potentialAction":[{"@type":"ReadAction","target":["https:\/\/www.inselhotel-potsdam.de\/en\/hotel-with-history\/"]}]},{"@type":"BreadcrumbList","@id":"https:\/\/www.inselhotel-potsdam.de\/en\/hotel-with-history\/#breadcrumb","itemListElement":[{"@type":"ListItem","position":1,"name":"Startseite","item":"https:\/\/www.inselhotel-potsdam.de\/en\/"},{"@type":"ListItem","position":2,"name":"Hotel with history"}]},{"@type":"WebSite","@id":"https:\/\/www.inselhotel-potsdam.de\/#website","url":"https:\/\/www.inselhotel-potsdam.de\/","name":"INSELHOTEL Potsdam","description":"Hotel - Urlaub auf der Insel","potentialAction":[{"@type":"SearchAction","target":{"@type":"EntryPoint","urlTemplate":"https:\/\/www.inselhotel-potsdam.de\/?s={search_term_string}"},"query-input":{"@type":"PropertyValueSpecification","valueRequired":true,"valueName":"search_term_string"}}],"inLanguage":"en-US"}]}},"_links":{"self":[{"href":"https:\/\/www.inselhotel-potsdam.de\/en\/wp-json\/wp\/v2\/pages\/927","targetHints":{"allow":["GET"]}}],"collection":[{"href":"https:\/\/www.inselhotel-potsdam.de\/en\/wp-json\/wp\/v2\/pages"}],"about":[{"href":"https:\/\/www.inselhotel-potsdam.de\/en\/wp-json\/wp\/v2\/types\/page"}],"author":[{"embeddable":true,"href":"https:\/\/www.inselhotel-potsdam.de\/en\/wp-json\/wp\/v2\/users\/3"}],"replies":[{"embeddable":true,"href":"https:\/\/www.inselhotel-potsdam.de\/en\/wp-json\/wp\/v2\/comments?post=927"}],"version-history":[{"count":0,"href":"https:\/\/www.inselhotel-potsdam.de\/en\/wp-json\/wp\/v2\/pages\/927\/revisions"}],"wp:attachment":[{"href":"https:\/\/www.inselhotel-potsdam.de\/en\/wp-json\/wp\/v2\/media?parent=927"}],"curies":[{"name":"wp","href":"https:\/\/api.w.org\/{rel}","templated":true}]}}